{"id":1474,"date":"2021-03-16T08:19:57","date_gmt":"2021-03-16T07:19:57","guid":{"rendered":"http:\/\/www.drganiabudowli.pk.edu.pl\/?page_id=1474"},"modified":"2024-12-11T12:00:58","modified_gmt":"2024-12-11T11:00:58","slug":"deklaracja-dostepnosci","status":"publish","type":"page","link":"https:\/\/drganiabudowli.pk.edu.pl\/?page_id=1474","title":{"rendered":"Deklaracja dost\u0119pno\u015bci"},"content":{"rendered":"<div id=\"pl-1474\"  class=\"panel-layout\" ><div id=\"pg-1474-0\"  class=\"panel-grid panel-has-style\" ><div class=\"siteorigin-panels-stretch panel-row-style panel-row-style-for-1474-0\" data-stretch-type=\"full\" ><div id=\"pgc-1474-0-0\"  class=\"panel-grid-cell\" ><div id=\"panel-1474-0-0-0\" class=\"so-panel widget_sow-headline panel-first-child panel-last-child\" data-index=\"0\" ><div\n\t\t\t\n\t\t\tclass=\"so-widget-sow-headline so-widget-sow-headline-default-ce29e2785fa7-1474\"\n\t\t\t\n\t\t><div class=\"sow-headline-container \">\n\t\t\t\t\t\t\t<h1 class=\"sow-headline\">\n\t\t\t\t\t\tDeklaracja dost\u0119pno\u015bci\t\t\t\t\t\t<\/h1>\n\t\t\t\t\t\t\t\t\t\t\t<div class=\"decoration\">\n\t\t\t\t\t\t<div class=\"decoration-inside\"><\/div>\n\t\t\t\t\t<\/div>\n\t\t\t\t\t<\/div>\n<\/div><\/div><\/div><\/div><\/div><div id=\"pg-1474-1\"  class=\"panel-grid panel-has-style\" ><div class=\"siteorigin-panels-stretch panel-row-style panel-row-style-for-1474-1\" data-stretch-type=\"full\" ><div id=\"pgc-1474-1-0\"  class=\"panel-grid-cell\" ><div id=\"panel-1474-1-0-0\" class=\"so-panel widget_sow-editor panel-first-child panel-last-child\" data-index=\"1\" ><div\n\t\t\t\n\t\t\tclass=\"so-widget-sow-editor so-widget-sow-editor-base\"\n\t\t\t\n\t\t>\n<div class=\"siteorigin-widget-tinymce textwidget\">\n\t<h1 style=\"margin-bottom: 20px;\">Deklaracja Dost\u0119pno\u015bci dla strony internetowej drganiabudowli.pk.edu.pl<\/h1>\n<p id=\"a11y-wstep\"><strong><span id=\"a11y-podmiot\">Politechnika Krakowska Laboratorium Drga\u0144 Budowli<\/span><\/strong> zobowi\u0105zuje si\u0119 zapewni\u0107 dost\u0119pno\u015b\u0107 swojej strony internetowej zgodnie z przepisami ustawy z dnia 4 kwietnia 2019 r. o dost\u0119pno\u015bci cyfrowej stron internetowych i aplikacji mobilnych podmiot\u00f3w publicznych. O\u015bwiadczenie w sprawie dost\u0119pno\u015bci ma zastosowanie do <a href=\"http:\/\/drganiabudowli.pk.edu.pl\" target=\"_blank\" rel=\"noopener noreferrer\">Drgania Budowli<\/a>.<\/p>\n<p>Data publikacji strony internetowej: <strong><span id=\"a11y-data-publikacja\">2017-11-21<\/span><\/strong>.<\/p>\n<p>Data ostatniej istotnej aktualizacji: <strong><span id=\"a11y-data-aktualizacja\">2021-03-16<\/span><\/strong>.<\/p>\n<p id=\"a11y-status\">Strona internetowa jest cz\u0119\u015bciowo zgodna z ustaw\u0105 z dnia 4 kwietnia 2019 r. o dost\u0119pno\u015bci cyfrowej stron internetowych i aplikacji mobilnych podmiot\u00f3w publicznych.<\/p>\n<p>O\u015bwiadczenie sporz\u0105dzono dnia: <strong><span id=\"a11y-data-sporzadzenie\">2021-03-16<\/span><\/strong>.<\/p>\n<p>Na stronie internetowej mo\u017cna u\u017cywa\u0107 standardowych skr\u00f3t\u00f3w klawiaturowych przegl\u0105darki.<\/p>\n<h2 id=\"a11y-kontakt\">Informacje zwrotne i dane kontaktowe<\/h2>\n<p>W przypadku problem\u00f3w z dost\u0119pno\u015bci\u0105 strony internetowej prosimy o kontakt. Osob\u0105 kontaktow\u0105 jest <strong><span id=\"a11y-ocena\">Katarzyna Galas<\/span>, <a title=\"Adres e-mail do osoby kontaktowej w sprawie dost\u0119pno\u015bci.\" href=\"mailto:katarzyna.galas@pk.edu.pl\"><span id=\"a11y-email\">katarzyna.galas@pk.edu.pl<\/span><\/a>.<\/strong> Kontaktowa\u0107 mo\u017cna si\u0119 tak\u017ce dzwoni\u0105c na numer telefonu <a href=\"tel:+48 12 628 23 78\"><span id=\"a11y-telefon\"><strong>+48 12 628 23 78<\/strong><\/span><\/a>. T\u0105 sam\u0105 drog\u0105 mo\u017cna sk\u0142ada\u0107 wnioski o udost\u0119pnienie informacji niedost\u0119pnej oraz sk\u0142ada\u0107 skargi na brak zapewnienia dost\u0119pno\u015bci.<\/p>\n<p id=\"a11y-procedura\" style=\"white-space: pre-wrap;\">Ka\u017cdy ma prawo do wyst\u0105pienia z \u017c\u0105daniem zapewnienia dost\u0119pno\u015bci cyfrowej strony internetowej, aplikacji mobilnej lub jakiego\u015b ich elementu. Mo\u017cna tak\u017ce za\u017c\u0105da\u0107 udost\u0119pnienia informacji za pomoc\u0105 alternatywnego sposobu dost\u0119pu, na przyk\u0142ad przez odczytanie niedost\u0119pnego cyfrowo dokumentu, opisanie zawarto\u015bci filmu bez audiodeskrypcji itp. \u017b\u0105danie powinno zawiera\u0107 dane osoby zg\u0142aszaj\u0105cej \u017c\u0105danie, wskazanie, o kt\u00f3r\u0105 stron\u0119 internetow\u0105 lub aplikacj\u0119 mobiln\u0105 chodzi oraz spos\u00f3b kontaktu. Je\u017celi osoba \u017c\u0105daj\u0105ca zg\u0142asza potrzeb\u0119 otrzymania informacji za pomoc\u0105 alternatywnego sposobu dost\u0119pu, powinna tak\u017ce okre\u015bli\u0107 dogodny dla niej spos\u00f3b przedstawienia tej informacji. Podmiot publiczny powinien zrealizowa\u0107 \u017c\u0105danie niezw\u0142ocznie, nie p\u00f3\u017aniej ni\u017c w ci\u0105gu 7 dni od dnia wyst\u0105pienia z \u017c\u0105daniem. Je\u017celi dotrzymanie tego terminu nie jest mo\u017cliwe, podmiot publiczny niezw\u0142ocznie informuje o tym wnosz\u0105cego \u017c\u0105danie, kiedy realizacja \u017c\u0105dania b\u0119dzie mo\u017cliwa, przy czym termin ten nie mo\u017ce by\u0107 d\u0142u\u017cszy ni\u017c 2 miesi\u0105ce od dnia wyst\u0105pienia z \u017c\u0105daniem. Je\u017celi zapewnienie dost\u0119pno\u015bci cyfrowej nie jest mo\u017cliwe, podmiot publiczny mo\u017ce zaproponowa\u0107 alternatywny spos\u00f3b dost\u0119pu do informacji. W przypadku, gdy podmiot publiczny odm\u00f3wi realizacji \u017c\u0105dania zapewnienia dost\u0119pno\u015bci lub alternatywnego sposobu dost\u0119pu do informacji, wnosz\u0105cy \u017c\u0105danie mo\u017cne z\u0142o\u017cy\u0107 skarg\u0119 w sprawie zapewniana dost\u0119pno\u015bci cyfrowej strony internetowej, aplikacji mobilnej lub elementu strony internetowej, lub aplikacji mobilnej. Po wyczerpaniu wskazanej wy\u017cej procedury mo\u017cna tak\u017ce z\u0142o\u017cy\u0107 wniosek do Rzecznika Praw Obywatelskich.<\/p>\n<p><a href=\"https:\/\/www.rpo.gov.pl\/content\/jak-zglosic-sie-do-rzecznika-praw-obywatelskich\" target=\"_blank\" rel=\"noopener noreferrer\">Strona internetowa Rzecznika Praw Obywatelskich<\/a><\/p>\n<h2 id=\"a11y-architektura\">Dost\u0119pno\u015b\u0107 architektoniczna<\/h2>\n<p style=\"white-space: pre-wrap;\">W trakcie przygotowywania.<\/p>\n<\/div>\n<\/div><\/div><\/div><\/div><\/div><\/div>","protected":false},"excerpt":{"rendered":"<p>Deklaracja Dost\u0119pno\u015bci dla strony internetowej drganiabudowli.pk.edu.pl Politechnika Krakowska Laboratorium Drga\u0144 Budowli zobowi\u0105zuje si\u0119 zapewni\u0107 dost\u0119pno\u015b\u0107 swojej strony internetowej zgodnie z przepisami ustawy z dnia 4 kwietnia 2019 r. o dost\u0119pno\u015bci cyfrowej stron internetowych i aplikacji mobilnych podmiot\u00f3w publicznych. O\u015bwiadczenie w sprawie dost\u0119pno\u015bci ma zastosowanie do Drgania Budowli. Data publikacji strony internetowej: 2017-11-21. Data ostatniej istotnej &hellip; <a href=\"https:\/\/drganiabudowli.pk.edu.pl\/?page_id=1474\" class=\"more-link\">Czytaj dalej<span class=\"screen-reader-text\"> \u201eDeklaracja dost\u0119pno\u015bci\u201d<\/span><\/a><\/p>\n","protected":false},"author":2,"featured_media":0,"parent":0,"menu_order":0,"comment_status":"closed","ping_status":"closed","template":"","meta":{"footnotes":""},"class_list":["post-1474","page","type-page","status-publish","hentry"],"yoast_head":"<!-- This site is optimized with the Yoast SEO plugin v25.9 - https:\/\/yoast.com\/wordpress\/plugins\/seo\/ -->\n<title>Deklaracja dost\u0119pno\u015bci - Drgania budowli - Laboratorium Drga\u0144 Budowli<\/title>\n<meta name=\"robots\" content=\"index, follow, max-snippet:-1, max-image-preview:large, max-video-preview:-1\" \/>\n<link rel=\"canonical\" href=\"https:\/\/drganiabudowli.pk.edu.pl\/?page_id=1474\" \/>\n<meta property=\"og:locale\" content=\"pl_PL\" \/>\n<meta property=\"og:type\" content=\"article\" \/>\n<meta property=\"og:title\" content=\"Deklaracja dost\u0119pno\u015bci - Drgania budowli - Laboratorium Drga\u0144 Budowli\" \/>\n<meta property=\"og:description\" content=\"Deklaracja Dost\u0119pno\u015bci dla strony internetowej drganiabudowli.pk.edu.pl Politechnika Krakowska Laboratorium Drga\u0144 Budowli zobowi\u0105zuje si\u0119 zapewni\u0107 dost\u0119pno\u015b\u0107 swojej strony internetowej zgodnie z przepisami ustawy z dnia 4 kwietnia 2019 r. o dost\u0119pno\u015bci cyfrowej stron internetowych i aplikacji mobilnych podmiot\u00f3w publicznych. O\u015bwiadczenie w sprawie dost\u0119pno\u015bci ma zastosowanie do Drgania Budowli. Data publikacji strony internetowej: 2017-11-21. Data ostatniej istotnej &hellip; Czytaj dalej \u201eDeklaracja dost\u0119pno\u015bci\u201d\" \/>\n<meta property=\"og:url\" content=\"https:\/\/drganiabudowli.pk.edu.pl\/?page_id=1474\" \/>\n<meta property=\"og:site_name\" content=\"Drgania budowli - Laboratorium Drga\u0144 Budowli\" \/>\n<meta property=\"article:modified_time\" content=\"2024-12-11T11:00:58+00:00\" \/>\n<meta name=\"twitter:card\" content=\"summary_large_image\" \/>\n<meta name=\"twitter:label1\" content=\"Szacowany czas czytania\" \/>\n\t<meta name=\"twitter:data1\" content=\"3 minuty\" \/>\n<script type=\"application\/ld+json\" class=\"yoast-schema-graph\">{\"@context\":\"https:\/\/schema.org\",\"@graph\":[{\"@type\":\"WebPage\",\"@id\":\"https:\/\/drganiabudowli.pk.edu.pl\/?page_id=1474\",\"url\":\"https:\/\/drganiabudowli.pk.edu.pl\/?page_id=1474\",\"name\":\"Deklaracja dost\u0119pno\u015bci - Drgania budowli - Laboratorium Drga\u0144 Budowli\",\"isPartOf\":{\"@id\":\"https:\/\/drganiabudowli.pk.edu.pl\/#website\"},\"datePublished\":\"2021-03-16T07:19:57+00:00\",\"dateModified\":\"2024-12-11T11:00:58+00:00\",\"breadcrumb\":{\"@id\":\"https:\/\/drganiabudowli.pk.edu.pl\/?page_id=1474#breadcrumb\"},\"inLanguage\":\"pl-PL\",\"potentialAction\":[{\"@type\":\"ReadAction\",\"target\":[\"https:\/\/drganiabudowli.pk.edu.pl\/?page_id=1474\"]}]},{\"@type\":\"BreadcrumbList\",\"@id\":\"https:\/\/drganiabudowli.pk.edu.pl\/?page_id=1474#breadcrumb\",\"itemListElement\":[{\"@type\":\"ListItem\",\"position\":1,\"name\":\"Strona g\u0142\u00f3wna\",\"item\":\"https:\/\/drganiabudowli.pk.edu.pl\/\"},{\"@type\":\"ListItem\",\"position\":2,\"name\":\"Deklaracja dost\u0119pno\u015bci\"}]},{\"@type\":\"WebSite\",\"@id\":\"https:\/\/drganiabudowli.pk.edu.pl\/#website\",\"url\":\"https:\/\/drganiabudowli.pk.edu.pl\/\",\"name\":\"Drgania budowli - Laboratorium Drga\u0144 Budowli\",\"description\":\"Drgania budowli - Laboratorium Drga\u0144 Budowli\",\"publisher\":{\"@id\":\"https:\/\/drganiabudowli.pk.edu.pl\/#organization\"},\"potentialAction\":[{\"@type\":\"SearchAction\",\"target\":{\"@type\":\"EntryPoint\",\"urlTemplate\":\"https:\/\/drganiabudowli.pk.edu.pl\/?s={search_term_string}\"},\"query-input\":{\"@type\":\"PropertyValueSpecification\",\"valueRequired\":true,\"valueName\":\"search_term_string\"}}],\"inLanguage\":\"pl-PL\"},{\"@type\":\"Organization\",\"@id\":\"https:\/\/drganiabudowli.pk.edu.pl\/#organization\",\"name\":\"Drgania budowli - Laboratorium Drga\u0144 Budowli\",\"url\":\"https:\/\/drganiabudowli.pk.edu.pl\/\",\"logo\":{\"@type\":\"ImageObject\",\"inLanguage\":\"pl-PL\",\"@id\":\"https:\/\/drganiabudowli.pk.edu.pl\/#\/schema\/logo\/image\/\",\"url\":\"https:\/\/drganiabudowli.pk.edu.pl\/wp-content\/uploads\/2025\/09\/Logo_lab_3.png\",\"contentUrl\":\"https:\/\/drganiabudowli.pk.edu.pl\/wp-content\/uploads\/2025\/09\/Logo_lab_3.png\",\"width\":220,\"height\":219,\"caption\":\"Drgania budowli - Laboratorium Drga\u0144 Budowli\"},\"image\":{\"@id\":\"https:\/\/drganiabudowli.pk.edu.pl\/#\/schema\/logo\/image\/\"}}]}<\/script>\n<!-- \/ Yoast SEO plugin. -->","yoast_head_json":{"title":"Deklaracja dost\u0119pno\u015bci - Drgania budowli - Laboratorium Drga\u0144 Budowli","robots":{"index":"index","follow":"follow","max-snippet":"max-snippet:-1","max-image-preview":"max-image-preview:large","max-video-preview":"max-video-preview:-1"},"canonical":"https:\/\/drganiabudowli.pk.edu.pl\/?page_id=1474","og_locale":"pl_PL","og_type":"article","og_title":"Deklaracja dost\u0119pno\u015bci - Drgania budowli - Laboratorium Drga\u0144 Budowli","og_description":"Deklaracja Dost\u0119pno\u015bci dla strony internetowej drganiabudowli.pk.edu.pl Politechnika Krakowska Laboratorium Drga\u0144 Budowli zobowi\u0105zuje si\u0119 zapewni\u0107 dost\u0119pno\u015b\u0107 swojej strony internetowej zgodnie z przepisami ustawy z dnia 4 kwietnia 2019 r. o dost\u0119pno\u015bci cyfrowej stron internetowych i aplikacji mobilnych podmiot\u00f3w publicznych. O\u015bwiadczenie w sprawie dost\u0119pno\u015bci ma zastosowanie do Drgania Budowli. Data publikacji strony internetowej: 2017-11-21. Data ostatniej istotnej &hellip; Czytaj dalej \u201eDeklaracja dost\u0119pno\u015bci\u201d","og_url":"https:\/\/drganiabudowli.pk.edu.pl\/?page_id=1474","og_site_name":"Drgania budowli - Laboratorium Drga\u0144 Budowli","article_modified_time":"2024-12-11T11:00:58+00:00","twitter_card":"summary_large_image","twitter_misc":{"Szacowany czas czytania":"3 minuty"},"schema":{"@context":"https:\/\/schema.org","@graph":[{"@type":"WebPage","@id":"https:\/\/drganiabudowli.pk.edu.pl\/?page_id=1474","url":"https:\/\/drganiabudowli.pk.edu.pl\/?page_id=1474","name":"Deklaracja dost\u0119pno\u015bci - Drgania budowli - Laboratorium Drga\u0144 Budowli","isPartOf":{"@id":"https:\/\/drganiabudowli.pk.edu.pl\/#website"},"datePublished":"2021-03-16T07:19:57+00:00","dateModified":"2024-12-11T11:00:58+00:00","breadcrumb":{"@id":"https:\/\/drganiabudowli.pk.edu.pl\/?page_id=1474#breadcrumb"},"inLanguage":"pl-PL","potentialAction":[{"@type":"ReadAction","target":["https:\/\/drganiabudowli.pk.edu.pl\/?page_id=1474"]}]},{"@type":"BreadcrumbList","@id":"https:\/\/drganiabudowli.pk.edu.pl\/?page_id=1474#breadcrumb","itemListElement":[{"@type":"ListItem","position":1,"name":"Strona g\u0142\u00f3wna","item":"https:\/\/drganiabudowli.pk.edu.pl\/"},{"@type":"ListItem","position":2,"name":"Deklaracja dost\u0119pno\u015bci"}]},{"@type":"WebSite","@id":"https:\/\/drganiabudowli.pk.edu.pl\/#website","url":"https:\/\/drganiabudowli.pk.edu.pl\/","name":"Drgania budowli - Laboratorium Drga\u0144 Budowli","description":"Drgania budowli - Laboratorium Drga\u0144 Budowli","publisher":{"@id":"https:\/\/drganiabudowli.pk.edu.pl\/#organization"},"potentialAction":[{"@type":"SearchAction","target":{"@type":"EntryPoint","urlTemplate":"https:\/\/drganiabudowli.pk.edu.pl\/?s={search_term_string}"},"query-input":{"@type":"PropertyValueSpecification","valueRequired":true,"valueName":"search_term_string"}}],"inLanguage":"pl-PL"},{"@type":"Organization","@id":"https:\/\/drganiabudowli.pk.edu.pl\/#organization","name":"Drgania budowli - Laboratorium Drga\u0144 Budowli","url":"https:\/\/drganiabudowli.pk.edu.pl\/","logo":{"@type":"ImageObject","inLanguage":"pl-PL","@id":"https:\/\/drganiabudowli.pk.edu.pl\/#\/schema\/logo\/image\/","url":"https:\/\/drganiabudowli.pk.edu.pl\/wp-content\/uploads\/2025\/09\/Logo_lab_3.png","contentUrl":"https:\/\/drganiabudowli.pk.edu.pl\/wp-content\/uploads\/2025\/09\/Logo_lab_3.png","width":220,"height":219,"caption":"Drgania budowli - Laboratorium Drga\u0144 Budowli"},"image":{"@id":"https:\/\/drganiabudowli.pk.edu.pl\/#\/schema\/logo\/image\/"}}]}},"jetpack_shortlink":"https:\/\/wp.me\/P9oL58-nM","jetpack_sharing_enabled":true,"_links":{"self":[{"href":"https:\/\/drganiabudowli.pk.edu.pl\/index.php?rest_route=\/wp\/v2\/pages\/1474","targetHints":{"allow":["GET"]}}],"collection":[{"href":"https:\/\/drganiabudowli.pk.edu.pl\/index.php?rest_route=\/wp\/v2\/pages"}],"about":[{"href":"https:\/\/drganiabudowli.pk.edu.pl\/index.php?rest_route=\/wp\/v2\/types\/page"}],"author":[{"embeddable":true,"href":"https:\/\/drganiabudowli.pk.edu.pl\/index.php?rest_route=\/wp\/v2\/users\/2"}],"replies":[{"embeddable":true,"href":"https:\/\/drganiabudowli.pk.edu.pl\/index.php?rest_route=%2Fwp%2Fv2%2Fcomments&post=1474"}],"version-history":[{"count":28,"href":"https:\/\/drganiabudowli.pk.edu.pl\/index.php?rest_route=\/wp\/v2\/pages\/1474\/revisions"}],"predecessor-version":[{"id":1535,"href":"https:\/\/drganiabudowli.pk.edu.pl\/index.php?rest_route=\/wp\/v2\/pages\/1474\/revisions\/1535"}],"wp:attachment":[{"href":"https:\/\/drganiabudowli.pk.edu.pl\/index.php?rest_route=%2Fwp%2Fv2%2Fmedia&parent=1474"}],"curies":[{"name":"wp","href":"https:\/\/api.w.org\/{rel}","templated":true}]}}