{"id":56,"date":"2017-11-21T21:41:12","date_gmt":"2017-11-21T20:41:12","guid":{"rendered":"http:\/\/www.drganiabudowli.pk.edu.pl\/?page_id=56"},"modified":"2020-11-23T22:32:46","modified_gmt":"2020-11-23T21:32:46","slug":"aparatura","status":"publish","type":"page","link":"https:\/\/drganiabudowli.pk.edu.pl\/?page_id=56","title":{"rendered":"Aparatura"},"content":{"rendered":"<div id=\"pl-56\"  class=\"panel-layout\" ><div id=\"pg-56-0\"  class=\"panel-grid panel-has-style\" ><div class=\"siteorigin-panels-stretch panel-row-style panel-row-style-for-56-0\" data-stretch-type=\"full\" ><div id=\"pgc-56-0-0\"  class=\"panel-grid-cell\" ><div id=\"panel-56-0-0-0\" class=\"so-panel widget_sow-headline panel-first-child panel-last-child\" data-index=\"0\" ><div\n\t\t\t\n\t\t\tclass=\"so-widget-sow-headline so-widget-sow-headline-default-ea0af4cf39ae-56\"\n\t\t\t\n\t\t><div class=\"sow-headline-container \">\n\t\t\t\t\t\t\t<h1 class=\"sow-headline\">\n\t\t\t\t\t\tAparatura\t\t\t\t\t\t<\/h1>\n\t\t\t\t\t\t\t\t\t\t\t<div class=\"decoration\">\n\t\t\t\t\t\t<div class=\"decoration-inside\"><\/div>\n\t\t\t\t\t<\/div>\n\t\t\t\t\t<\/div>\n<\/div><\/div><\/div><\/div><\/div><div id=\"pg-56-1\"  class=\"panel-grid panel-has-style\" ><div class=\"siteorigin-panels-stretch panel-row-style panel-row-style-for-56-1\" data-stretch-type=\"full\" ><div id=\"pgc-56-1-0\"  class=\"panel-grid-cell\" ><div id=\"panel-56-1-0-0\" class=\"so-panel widget_sow-image panel-first-child panel-last-child\" data-index=\"1\" ><div\n\t\t\t\n\t\t\tclass=\"so-widget-sow-image so-widget-sow-image-default-c67d20f9f743-56\"\n\t\t\t\n\t\t>\n<div class=\"sow-image-container\">\n\t\t<img \n\tsrc=\"https:\/\/drganiabudowli.pk.edu.pl\/wp-content\/uploads\/2018\/02\/20180109_105811.jpg\" width=\"800\" height=\"600\" srcset=\"https:\/\/drganiabudowli.pk.edu.pl\/wp-content\/uploads\/2018\/02\/20180109_105811.jpg 800w, https:\/\/drganiabudowli.pk.edu.pl\/wp-content\/uploads\/2018\/02\/20180109_105811-300x225.jpg 300w, https:\/\/drganiabudowli.pk.edu.pl\/wp-content\/uploads\/2018\/02\/20180109_105811-768x576.jpg 768w\" sizes=\"(max-width: 800px) 85vw, 800px\" alt=\"\" \t\tclass=\"so-widget-image\"\/>\n\t<\/div>\n\n<\/div><\/div><\/div><div id=\"pgc-56-1-1\"  class=\"panel-grid-cell\" ><div id=\"panel-56-1-1-0\" class=\"so-panel widget_sow-editor panel-first-child panel-last-child\" data-index=\"2\" ><div\n\t\t\t\n\t\t\tclass=\"so-widget-sow-editor so-widget-sow-editor-base\"\n\t\t\t\n\t\t>\n<div class=\"siteorigin-widget-tinymce textwidget\">\n\t<h2>Laboratorium dysponuje nowoczesn\u0105 aparatur\u0105 do pomiaru, rejestracji i analizy wynik\u00f3w pomiar\u00f3w.<\/h2>\n<\/div>\n<\/div><\/div><\/div><\/div><\/div><div id=\"pg-56-2\"  class=\"panel-grid panel-has-style\" ><div class=\"siteorigin-panels-stretch panel-row-style panel-row-style-for-56-2\" data-stretch-type=\"full\" ><div id=\"pgc-56-2-0\"  class=\"panel-grid-cell\" ><div id=\"panel-56-2-0-0\" class=\"so-panel widget_sow-editor panel-first-child panel-last-child\" data-index=\"3\" ><div\n\t\t\t\n\t\t\tclass=\"so-widget-sow-editor so-widget-sow-editor-base\"\n\t\t\t\n\t\t>\n<div class=\"siteorigin-widget-tinymce textwidget\">\n\t<h3>Wykonywane s\u0105 pomiary: odkszta\u0142ce\u0144, przemieszcze\u0144, pr\u0119dko\u015bci i przyspieszenia drga\u0144 jednocze\u015bnie w kilkudziesi\u0119ciu punktach pomiarowych.<\/h3>\n<h3>Stosowana jest aparatura do cyfrowej rejestracji danych pomiarowych. Analiza wynik\u00f3w pomiar\u00f3w prowadzona jest za pomoc\u0105 zaawansowanego oprogramowania.<\/h3>\n<\/div>\n<\/div><\/div><\/div><div id=\"pgc-56-2-1\"  class=\"panel-grid-cell\" ><div id=\"panel-56-2-1-0\" class=\"so-panel widget_sow-image panel-first-child panel-last-child\" data-index=\"4\" ><div\n\t\t\t\n\t\t\tclass=\"so-widget-sow-image so-widget-sow-image-default-8b5b6f678277-56\"\n\t\t\t\n\t\t>\n<div class=\"sow-image-container\">\n\t\t<img \n\tsrc=\"https:\/\/drganiabudowli.pk.edu.pl\/wp-content\/uploads\/2018\/02\/20180110_094704.jpg\" width=\"800\" height=\"600\" srcset=\"https:\/\/drganiabudowli.pk.edu.pl\/wp-content\/uploads\/2018\/02\/20180110_094704.jpg 800w, https:\/\/drganiabudowli.pk.edu.pl\/wp-content\/uploads\/2018\/02\/20180110_094704-300x225.jpg 300w, https:\/\/drganiabudowli.pk.edu.pl\/wp-content\/uploads\/2018\/02\/20180110_094704-768x576.jpg 768w\" sizes=\"(max-width: 800px) 85vw, 800px\" alt=\"\" \t\tclass=\"so-widget-image\"\/>\n\t<\/div>\n\n<\/div><\/div><\/div><\/div><\/div><\/div>","protected":false},"excerpt":{"rendered":"<p>Laboratorium dysponuje nowoczesn\u0105 aparatur\u0105 do pomiaru, rejestracji i analizy wynik\u00f3w pomiar\u00f3w.<\/p>\n","protected":false},"author":1,"featured_media":0,"parent":0,"menu_order":0,"comment_status":"closed","ping_status":"closed","template":"","meta":{"footnotes":""},"class_list":["post-56","page","type-page","status-publish","hentry"],"yoast_head":"<!-- This site is optimized with the Yoast SEO plugin v25.9 - https:\/\/yoast.com\/wordpress\/plugins\/seo\/ -->\n<title>Aparatura - Drgania budowli - Laboratorium Drga\u0144 Budowli<\/title>\n<meta name=\"robots\" content=\"index, follow, max-snippet:-1, max-image-preview:large, max-video-preview:-1\" \/>\n<link rel=\"canonical\" href=\"https:\/\/drganiabudowli.pk.edu.pl\/?page_id=56\" \/>\n<meta property=\"og:locale\" content=\"pl_PL\" \/>\n<meta property=\"og:type\" content=\"article\" \/>\n<meta property=\"og:title\" content=\"Aparatura - Drgania budowli - Laboratorium Drga\u0144 Budowli\" \/>\n<meta property=\"og:description\" content=\"Laboratorium dysponuje nowoczesn\u0105 aparatur\u0105 do pomiaru, rejestracji i analizy wynik\u00f3w pomiar\u00f3w.\" \/>\n<meta property=\"og:url\" content=\"https:\/\/drganiabudowli.pk.edu.pl\/?page_id=56\" \/>\n<meta property=\"og:site_name\" content=\"Drgania budowli - Laboratorium Drga\u0144 Budowli\" \/>\n<meta property=\"article:modified_time\" content=\"2020-11-23T21:32:46+00:00\" \/>\n<meta name=\"twitter:card\" content=\"summary_large_image\" \/>\n<script type=\"application\/ld+json\" class=\"yoast-schema-graph\">{\"@context\":\"https:\/\/schema.org\",\"@graph\":[{\"@type\":\"WebPage\",\"@id\":\"https:\/\/drganiabudowli.pk.edu.pl\/?page_id=56\",\"url\":\"https:\/\/drganiabudowli.pk.edu.pl\/?page_id=56\",\"name\":\"Aparatura - Drgania budowli - Laboratorium Drga\u0144 Budowli\",\"isPartOf\":{\"@id\":\"https:\/\/drganiabudowli.pk.edu.pl\/#website\"},\"datePublished\":\"2017-11-21T20:41:12+00:00\",\"dateModified\":\"2020-11-23T21:32:46+00:00\",\"breadcrumb\":{\"@id\":\"https:\/\/drganiabudowli.pk.edu.pl\/?page_id=56#breadcrumb\"},\"inLanguage\":\"pl-PL\",\"potentialAction\":[{\"@type\":\"ReadAction\",\"target\":[\"https:\/\/drganiabudowli.pk.edu.pl\/?page_id=56\"]}]},{\"@type\":\"BreadcrumbList\",\"@id\":\"https:\/\/drganiabudowli.pk.edu.pl\/?page_id=56#breadcrumb\",\"itemListElement\":[{\"@type\":\"ListItem\",\"position\":1,\"name\":\"Strona g\u0142\u00f3wna\",\"item\":\"https:\/\/drganiabudowli.pk.edu.pl\/\"},{\"@type\":\"ListItem\",\"position\":2,\"name\":\"Aparatura\"}]},{\"@type\":\"WebSite\",\"@id\":\"https:\/\/drganiabudowli.pk.edu.pl\/#website\",\"url\":\"https:\/\/drganiabudowli.pk.edu.pl\/\",\"name\":\"Drgania budowli - Laboratorium Drga\u0144 Budowli\",\"description\":\"Drgania budowli - Laboratorium Drga\u0144 Budowli\",\"publisher\":{\"@id\":\"https:\/\/drganiabudowli.pk.edu.pl\/#organization\"},\"potentialAction\":[{\"@type\":\"SearchAction\",\"target\":{\"@type\":\"EntryPoint\",\"urlTemplate\":\"https:\/\/drganiabudowli.pk.edu.pl\/?s={search_term_string}\"},\"query-input\":{\"@type\":\"PropertyValueSpecification\",\"valueRequired\":true,\"valueName\":\"search_term_string\"}}],\"inLanguage\":\"pl-PL\"},{\"@type\":\"Organization\",\"@id\":\"https:\/\/drganiabudowli.pk.edu.pl\/#organization\",\"name\":\"Drgania budowli - Laboratorium Drga\u0144 Budowli\",\"url\":\"https:\/\/drganiabudowli.pk.edu.pl\/\",\"logo\":{\"@type\":\"ImageObject\",\"inLanguage\":\"pl-PL\",\"@id\":\"https:\/\/drganiabudowli.pk.edu.pl\/#\/schema\/logo\/image\/\",\"url\":\"https:\/\/drganiabudowli.pk.edu.pl\/wp-content\/uploads\/2025\/09\/Logo_lab_3.png\",\"contentUrl\":\"https:\/\/drganiabudowli.pk.edu.pl\/wp-content\/uploads\/2025\/09\/Logo_lab_3.png\",\"width\":220,\"height\":219,\"caption\":\"Drgania budowli - Laboratorium Drga\u0144 Budowli\"},\"image\":{\"@id\":\"https:\/\/drganiabudowli.pk.edu.pl\/#\/schema\/logo\/image\/\"}}]}<\/script>\n<!-- \/ Yoast SEO plugin. -->","yoast_head_json":{"title":"Aparatura - Drgania budowli - Laboratorium Drga\u0144 Budowli","robots":{"index":"index","follow":"follow","max-snippet":"max-snippet:-1","max-image-preview":"max-image-preview:large","max-video-preview":"max-video-preview:-1"},"canonical":"https:\/\/drganiabudowli.pk.edu.pl\/?page_id=56","og_locale":"pl_PL","og_type":"article","og_title":"Aparatura - Drgania budowli - Laboratorium Drga\u0144 Budowli","og_description":"Laboratorium dysponuje nowoczesn\u0105 aparatur\u0105 do pomiaru, rejestracji i analizy wynik\u00f3w pomiar\u00f3w.","og_url":"https:\/\/drganiabudowli.pk.edu.pl\/?page_id=56","og_site_name":"Drgania budowli - Laboratorium Drga\u0144 Budowli","article_modified_time":"2020-11-23T21:32:46+00:00","twitter_card":"summary_large_image","schema":{"@context":"https:\/\/schema.org","@graph":[{"@type":"WebPage","@id":"https:\/\/drganiabudowli.pk.edu.pl\/?page_id=56","url":"https:\/\/drganiabudowli.pk.edu.pl\/?page_id=56","name":"Aparatura - Drgania budowli - Laboratorium Drga\u0144 Budowli","isPartOf":{"@id":"https:\/\/drganiabudowli.pk.edu.pl\/#website"},"datePublished":"2017-11-21T20:41:12+00:00","dateModified":"2020-11-23T21:32:46+00:00","breadcrumb":{"@id":"https:\/\/drganiabudowli.pk.edu.pl\/?page_id=56#breadcrumb"},"inLanguage":"pl-PL","potentialAction":[{"@type":"ReadAction","target":["https:\/\/drganiabudowli.pk.edu.pl\/?page_id=56"]}]},{"@type":"BreadcrumbList","@id":"https:\/\/drganiabudowli.pk.edu.pl\/?page_id=56#breadcrumb","itemListElement":[{"@type":"ListItem","position":1,"name":"Strona g\u0142\u00f3wna","item":"https:\/\/drganiabudowli.pk.edu.pl\/"},{"@type":"ListItem","position":2,"name":"Aparatura"}]},{"@type":"WebSite","@id":"https:\/\/drganiabudowli.pk.edu.pl\/#website","url":"https:\/\/drganiabudowli.pk.edu.pl\/","name":"Drgania budowli - Laboratorium Drga\u0144 Budowli","description":"Drgania budowli - Laboratorium Drga\u0144 Budowli","publisher":{"@id":"https:\/\/drganiabudowli.pk.edu.pl\/#organization"},"potentialAction":[{"@type":"SearchAction","target":{"@type":"EntryPoint","urlTemplate":"https:\/\/drganiabudowli.pk.edu.pl\/?s={search_term_string}"},"query-input":{"@type":"PropertyValueSpecification","valueRequired":true,"valueName":"search_term_string"}}],"inLanguage":"pl-PL"},{"@type":"Organization","@id":"https:\/\/drganiabudowli.pk.edu.pl\/#organization","name":"Drgania budowli - Laboratorium Drga\u0144 Budowli","url":"https:\/\/drganiabudowli.pk.edu.pl\/","logo":{"@type":"ImageObject","inLanguage":"pl-PL","@id":"https:\/\/drganiabudowli.pk.edu.pl\/#\/schema\/logo\/image\/","url":"https:\/\/drganiabudowli.pk.edu.pl\/wp-content\/uploads\/2025\/09\/Logo_lab_3.png","contentUrl":"https:\/\/drganiabudowli.pk.edu.pl\/wp-content\/uploads\/2025\/09\/Logo_lab_3.png","width":220,"height":219,"caption":"Drgania budowli - Laboratorium Drga\u0144 Budowli"},"image":{"@id":"https:\/\/drganiabudowli.pk.edu.pl\/#\/schema\/logo\/image\/"}}]}},"jetpack_shortlink":"https:\/\/wp.me\/P9oL58-U","jetpack_sharing_enabled":true,"_links":{"self":[{"href":"https:\/\/drganiabudowli.pk.edu.pl\/index.php?rest_route=\/wp\/v2\/pages\/56","targetHints":{"allow":["GET"]}}],"collection":[{"href":"https:\/\/drganiabudowli.pk.edu.pl\/index.php?rest_route=\/wp\/v2\/pages"}],"about":[{"href":"https:\/\/drganiabudowli.pk.edu.pl\/index.php?rest_route=\/wp\/v2\/types\/page"}],"author":[{"embeddable":true,"href":"https:\/\/drganiabudowli.pk.edu.pl\/index.php?rest_route=\/wp\/v2\/users\/1"}],"replies":[{"embeddable":true,"href":"https:\/\/drganiabudowli.pk.edu.pl\/index.php?rest_route=%2Fwp%2Fv2%2Fcomments&post=56"}],"version-history":[{"count":50,"href":"https:\/\/drganiabudowli.pk.edu.pl\/index.php?rest_route=\/wp\/v2\/pages\/56\/revisions"}],"predecessor-version":[{"id":1459,"href":"https:\/\/drganiabudowli.pk.edu.pl\/index.php?rest_route=\/wp\/v2\/pages\/56\/revisions\/1459"}],"wp:attachment":[{"href":"https:\/\/drganiabudowli.pk.edu.pl\/index.php?rest_route=%2Fwp%2Fv2%2Fmedia&parent=56"}],"curies":[{"name":"wp","href":"https:\/\/api.w.org\/{rel}","templated":true}]}}