{"id":9,"date":"2017-11-20T16:38:54","date_gmt":"2017-11-20T15:38:54","guid":{"rendered":"http:\/\/www.drganiabudowli.pk.edu.pl\/?page_id=9"},"modified":"2025-09-15T10:47:37","modified_gmt":"2025-09-15T08:47:37","slug":"kontakt","status":"publish","type":"page","link":"https:\/\/drganiabudowli.pk.edu.pl\/?page_id=9","title":{"rendered":"Kontakt"},"content":{"rendered":"<div id=\"pl-9\"  class=\"panel-layout\" ><div id=\"pg-9-0\"  class=\"panel-grid panel-has-style\" ><div class=\"siteorigin-panels-stretch panel-row-style panel-row-style-for-9-0\" data-stretch-type=\"full-width-stretch\" ><div id=\"pgc-9-0-0\"  class=\"panel-grid-cell\" ><div id=\"panel-9-0-0-0\" class=\"so-panel widget_sow-headline panel-first-child\" data-index=\"0\" ><div\n\t\t\t\n\t\t\tclass=\"so-widget-sow-headline so-widget-sow-headline-default-08ca780a4db4-9\"\n\t\t\t\n\t\t><div class=\"sow-headline-container \">\n\t\t\t\t\t\t\t<h1 class=\"sow-headline\">\n\t\t\t\t\t\tKontakt\t\t\t\t\t\t<\/h1>\n\t\t\t\t\t\t\t\t\t\t\t<div class=\"decoration\">\n\t\t\t\t\t\t<div class=\"decoration-inside\"><\/div>\n\t\t\t\t\t<\/div>\n\t\t\t\t\t<\/div>\n<\/div><\/div><div id=\"panel-9-0-0-1\" class=\"so-panel widget_sow-features panel-last-child\" data-index=\"1\" ><div\n\t\t\t\n\t\t\tclass=\"so-widget-sow-features so-widget-sow-features-default-719f450cac34-9\"\n\t\t\t\n\t\t><ul\n\tclass=\"sow-features-list\n\tsow-features-responsive\">\n\n\t\t\t<li\n\t\t\tclass=\"sow-features-feature sow-icon-container-position-top\"\n\t\t\tstyle=\"display: flex; flex-direction: column; width: calc(33.333% - 25px);\"\n\t\t>\n\t\t\t\n\t\t\t\t\t\t<div\t\t\t\tclass=\"sow-icon-container sow-container-none\"\n\t\t\t\tstyle=\"color: #404040; \"\n\t\t\t\t\n\t\t\t\t\t\t\t>\n\t\t\t\t<span class=\"sow-icon-ionicons\" data-sow-icon=\"&#xf4b8;\"\n\t\tstyle=\"font-size: 56px; color: #424242\" \n\t\taria-hidden=\"true\"><\/span>\t\t\t<\/div>\n\n\t\t\t<div class=\"textwidget\">\n\t\t\t\t\n\t\t\t\t\t\t\t\t\t<h5 class=\"sow-features-feature-title\">\n\t\t\t\t\t\tTelefon\t\t\t\t\t<\/h5>\n\t\t\t\t\n\t\t\t\t\t\t\t\t\t<div class=\"sow-features-feature-text\">\n\t\t\t\t\t<p>+48 12 628 20 32<br \/> +48 12 628 23 78<br \/> +48 604 981 889<\/p>\t\t\t\t\t<\/div>\n\t\t\t\t\t\t\t\t<\/div>\n\t\t\t\t\t\t\t\t<\/li>\n\n\t\t\t<li\n\t\t\tclass=\"sow-features-feature sow-icon-container-position-top\"\n\t\t\tstyle=\"display: flex; flex-direction: column; width: calc(33.333% - 25px);\"\n\t\t>\n\t\t\t\n\t\t\t\t\t\t<div\t\t\t\tclass=\"sow-icon-container sow-container-none\"\n\t\t\t\tstyle=\"color: #404040; \"\n\t\t\t\t\n\t\t\t\t\t\t\t>\n\t\t\t\t<span class=\"sow-icon-ionicons\" data-sow-icon=\"&#xf455;\"\n\t\tstyle=\"font-size: 56px; color: #424242\" \n\t\taria-hidden=\"true\"><\/span>\t\t\t<\/div>\n\n\t\t\t<div class=\"textwidget\">\n\t\t\t\t\n\t\t\t\t\t\t\t\t\t<h5 class=\"sow-features-feature-title\">\n\t\t\t\t\t\tAdres\t\t\t\t\t<\/h5>\n\t\t\t\t\n\t\t\t\t\t\t\t\t\t<div class=\"sow-features-feature-text\">\n\t\t\t\t\t<p>Laboratorium Badania Odkszta\u0142ce\u0144 i Drga\u0144 Budowli<br \/>\nPolitechnika Krakowska im. Tadeusza Ko\u015bciuszki<br \/>\nul. Warszawska 24, 31-155 Krak\u00f3w<\/p>\n\t\t\t\t\t<\/div>\n\t\t\t\t\t\t\t\t<\/div>\n\t\t\t\t\t\t\t\t<\/li>\n\n\t\t\t<li\n\t\t\tclass=\"sow-features-feature sow-icon-container-position-top\"\n\t\t\tstyle=\"display: flex; flex-direction: column; width: calc(33.333% - 25px);\"\n\t\t>\n\t\t\t\n\t\t\t\t\t\t<div\t\t\t\tclass=\"sow-icon-container sow-container-none\"\n\t\t\t\tstyle=\"color: #404040; \"\n\t\t\t\t\n\t\t\t\t\t\t\t>\n\t\t\t\t<span class=\"sow-icon-ionicons\" data-sow-icon=\"&#xf422;\"\n\t\tstyle=\"font-size: 56px; color: #424242\" \n\t\taria-hidden=\"true\"><\/span>\t\t\t<\/div>\n\n\t\t\t<div class=\"textwidget\">\n\t\t\t\t\n\t\t\t\t\t\t\t\t\t<h5 class=\"sow-features-feature-title\">\n\t\t\t\t\t\tMail\t\t\t\t\t<\/h5>\n\t\t\t\t\n\t\t\t\t\t\t\t\t\t<div class=\"sow-features-feature-text\">\n\t\t\t\t\t<p style=\"text-align: center\">piotr.stecz@pk.edu.pl\nkatarzyna.galas@pk.edu.pl<\/p>\t\t\t\t\t<\/div>\n\t\t\t\t\t\t\t\t<\/div>\n\t\t\t\t\t\t\t\t<\/li>\n\n\t<\/ul>\n<\/div><\/div><\/div><\/div><\/div><div id=\"pg-9-1\"  class=\"panel-grid panel-has-style\" ><div class=\"siteorigin-panels-stretch panel-row-style panel-row-style-for-9-1\" data-stretch-type=\"full\" ><div id=\"pgc-9-1-0\"  class=\"panel-grid-cell\" ><div id=\"panel-9-1-0-0\" class=\"so-panel widget_sow-editor panel-first-child\" data-index=\"2\" ><div class=\"panel-widget-style panel-widget-style-for-9-1-0-0\" ><div\n\t\t\t\n\t\t\tclass=\"so-widget-sow-editor so-widget-sow-editor-base\"\n\t\t\t\n\t\t>\n<div class=\"siteorigin-widget-tinymce textwidget\">\n\t<h2><span style=\"color: #ffffff;\">dr in\u017c. Piotr Stecz<\/span><\/h2>\n<p><strong><span style=\"color: #ffffff;\">Kierownik Laboratorium Badania Odkszta\u0142ce\u0144 i Drga\u0144 Budowli<\/span><\/strong><br \/>\n<span style=\"color: #ffffff;\">tel. kom\u00f3rkowy 604 981 889<\/span><br \/>\n<span style=\"color: #ffffff;\">mail: piotr.stecz@pk.edu.pl<\/span><\/p>\n<\/div>\n<\/div><\/div><\/div><div id=\"panel-9-1-0-1\" class=\"so-panel widget_sow-editor panel-last-child\" data-index=\"3\" ><div class=\"panel-widget-style panel-widget-style-for-9-1-0-1\" ><div\n\t\t\t\n\t\t\tclass=\"so-widget-sow-editor so-widget-sow-editor-base\"\n\t\t\t\n\t\t>\n<div class=\"siteorigin-widget-tinymce textwidget\">\n\t<h2><span style=\"color: #ffffff;\">mgr in\u017c. Jaros\u0142aw Che\u0142mecki<\/span><\/h2>\n<p><strong><span style=\"color: #ffffff;\">Zast\u0119pca kierownika Laboratorium Badania Odkszta\u0142ce\u0144 i Drga\u0144 Budowli<\/span><\/strong><br \/>\n<span style=\"color: #ffffff;\">mail: jaroslaw.chelmecki@pk.edu.pl<\/span><\/p>\n<\/div>\n<\/div><\/div><\/div><\/div><div id=\"pgc-9-1-1\"  class=\"panel-grid-cell\" ><div id=\"panel-9-1-1-0\" class=\"so-panel widget_sow-editor panel-first-child\" data-index=\"4\" ><div class=\"panel-widget-style panel-widget-style-for-9-1-1-0\" ><div\n\t\t\t\n\t\t\tclass=\"so-widget-sow-editor so-widget-sow-editor-base\"\n\t\t\t\n\t\t>\n<div class=\"siteorigin-widget-tinymce textwidget\">\n\t<h2><span style=\"color: #ffffff;\">Vaseem Aldabbik<\/span><\/h2>\n<p><strong><span style=\"color: #ffffff;\">Specjalista<\/span><\/strong><br \/>\n<span style=\"color: #ffffff;\">mail: waseem.aldabbik@pk.edu.pl<\/span><\/p>\n<\/div>\n<\/div><\/div><\/div><div id=\"panel-9-1-1-1\" class=\"so-panel widget_sow-editor\" data-index=\"5\" ><div class=\"panel-widget-style panel-widget-style-for-9-1-1-1\" ><div\n\t\t\t\n\t\t\tclass=\"so-widget-sow-editor so-widget-sow-editor-base\"\n\t\t\t\n\t\t>\n<div class=\"siteorigin-widget-tinymce textwidget\">\n\t<h2><span style=\"color: #ffffff;\">Pawe\u0142 Jurkiewicz<\/span><\/h2>\n<p><strong><span style=\"color: #ffffff;\">Starszy technik<\/span><\/strong><br \/>\n<span style=\"color: #ffffff;\">mail: pawel.jurkiewicz@pk.edu.pl<\/span><\/p>\n<\/div>\n<\/div><\/div><\/div><div id=\"panel-9-1-1-2\" class=\"so-panel widget_sow-editor panel-last-child\" data-index=\"6\" ><div class=\"panel-widget-style panel-widget-style-for-9-1-1-2\" ><div\n\t\t\t\n\t\t\tclass=\"so-widget-sow-editor so-widget-sow-editor-base\"\n\t\t\t\n\t\t>\n<div class=\"siteorigin-widget-tinymce textwidget\">\n\t<h2><span style=\"color: #ffffff;\">mgr Katarzyna Galas<\/span><\/h2>\n<p><strong><span style=\"color: #ffffff;\">Starszy specjalista<\/span><\/strong><br \/>\n<span style=\"color: #ffffff;\">mail: katarzyna.galas@pk.edu.pl<\/span><\/p>\n<\/div>\n<\/div><\/div><\/div><\/div><\/div><\/div><\/div>","protected":false},"excerpt":{"rendered":"<p>dr in\u017c. Piotr Stecz Kierownik Laboratorium Badania Odkszta\u0142ce\u0144 i Drga\u0144 Budowli tel. kom\u00f3rkowy 604 981 889 mail: piotr.stecz@pk.edu.pl mgr in\u017c. Jaros\u0142aw Che\u0142mecki Zast\u0119pca kierownika Laboratorium Badania Odkszta\u0142ce\u0144 i Drga\u0144 Budowli mail: jaroslaw.chelmecki@pk.edu.pl Vaseem Aldabbik Specjalista mail: waseem.aldabbik@pk.edu.pl Pawe\u0142 Jurkiewicz Starszy technik mail: pawel.jurkiewicz@pk.edu.pl mgr Katarzyna Galas Starszy specjalista mail: katarzyna.galas@pk.edu.pl<\/p>\n","protected":false},"author":1,"featured_media":0,"parent":0,"menu_order":0,"comment_status":"closed","ping_status":"closed","template":"","meta":{"footnotes":""},"class_list":["post-9","page","type-page","status-publish","hentry"],"yoast_head":"<!-- This site is optimized with the Yoast SEO plugin v25.9 - https:\/\/yoast.com\/wordpress\/plugins\/seo\/ -->\n<title>Kontakt - Drgania budowli - Laboratorium Drga\u0144 Budowli<\/title>\n<meta name=\"robots\" content=\"index, follow, max-snippet:-1, max-image-preview:large, max-video-preview:-1\" \/>\n<link rel=\"canonical\" href=\"https:\/\/drganiabudowli.pk.edu.pl\/?page_id=9\" \/>\n<meta property=\"og:locale\" content=\"pl_PL\" \/>\n<meta property=\"og:type\" content=\"article\" \/>\n<meta property=\"og:title\" content=\"Kontakt - Drgania budowli - Laboratorium Drga\u0144 Budowli\" \/>\n<meta property=\"og:description\" content=\"dr in\u017c. Piotr Stecz Kierownik Laboratorium Badania Odkszta\u0142ce\u0144 i Drga\u0144 Budowli tel. kom\u00f3rkowy 604 981 889 mail: piotr.stecz@pk.edu.pl mgr in\u017c. Jaros\u0142aw Che\u0142mecki Zast\u0119pca kierownika Laboratorium Badania Odkszta\u0142ce\u0144 i Drga\u0144 Budowli mail: jaroslaw.chelmecki@pk.edu.pl Vaseem Aldabbik Specjalista mail: waseem.aldabbik@pk.edu.pl Pawe\u0142 Jurkiewicz Starszy technik mail: pawel.jurkiewicz@pk.edu.pl mgr Katarzyna Galas Starszy specjalista mail: katarzyna.galas@pk.edu.pl\" \/>\n<meta property=\"og:url\" content=\"https:\/\/drganiabudowli.pk.edu.pl\/?page_id=9\" \/>\n<meta property=\"og:site_name\" content=\"Drgania budowli - Laboratorium Drga\u0144 Budowli\" \/>\n<meta property=\"article:modified_time\" content=\"2025-09-15T08:47:37+00:00\" \/>\n<meta name=\"twitter:card\" content=\"summary_large_image\" \/>\n<meta name=\"twitter:label1\" content=\"Szacowany czas czytania\" \/>\n\t<meta name=\"twitter:data1\" content=\"1 minuta\" \/>\n<script type=\"application\/ld+json\" class=\"yoast-schema-graph\">{\"@context\":\"https:\/\/schema.org\",\"@graph\":[{\"@type\":\"WebPage\",\"@id\":\"https:\/\/drganiabudowli.pk.edu.pl\/?page_id=9\",\"url\":\"https:\/\/drganiabudowli.pk.edu.pl\/?page_id=9\",\"name\":\"Kontakt - Drgania budowli - Laboratorium Drga\u0144 Budowli\",\"isPartOf\":{\"@id\":\"https:\/\/drganiabudowli.pk.edu.pl\/#website\"},\"datePublished\":\"2017-11-20T15:38:54+00:00\",\"dateModified\":\"2025-09-15T08:47:37+00:00\",\"breadcrumb\":{\"@id\":\"https:\/\/drganiabudowli.pk.edu.pl\/?page_id=9#breadcrumb\"},\"inLanguage\":\"pl-PL\",\"potentialAction\":[{\"@type\":\"ReadAction\",\"target\":[\"https:\/\/drganiabudowli.pk.edu.pl\/?page_id=9\"]}]},{\"@type\":\"BreadcrumbList\",\"@id\":\"https:\/\/drganiabudowli.pk.edu.pl\/?page_id=9#breadcrumb\",\"itemListElement\":[{\"@type\":\"ListItem\",\"position\":1,\"name\":\"Strona g\u0142\u00f3wna\",\"item\":\"https:\/\/drganiabudowli.pk.edu.pl\/\"},{\"@type\":\"ListItem\",\"position\":2,\"name\":\"Kontakt\"}]},{\"@type\":\"WebSite\",\"@id\":\"https:\/\/drganiabudowli.pk.edu.pl\/#website\",\"url\":\"https:\/\/drganiabudowli.pk.edu.pl\/\",\"name\":\"Drgania budowli - Laboratorium Drga\u0144 Budowli\",\"description\":\"Drgania budowli - Laboratorium Drga\u0144 Budowli\",\"publisher\":{\"@id\":\"https:\/\/drganiabudowli.pk.edu.pl\/#organization\"},\"potentialAction\":[{\"@type\":\"SearchAction\",\"target\":{\"@type\":\"EntryPoint\",\"urlTemplate\":\"https:\/\/drganiabudowli.pk.edu.pl\/?s={search_term_string}\"},\"query-input\":{\"@type\":\"PropertyValueSpecification\",\"valueRequired\":true,\"valueName\":\"search_term_string\"}}],\"inLanguage\":\"pl-PL\"},{\"@type\":\"Organization\",\"@id\":\"https:\/\/drganiabudowli.pk.edu.pl\/#organization\",\"name\":\"Drgania budowli - Laboratorium Drga\u0144 Budowli\",\"url\":\"https:\/\/drganiabudowli.pk.edu.pl\/\",\"logo\":{\"@type\":\"ImageObject\",\"inLanguage\":\"pl-PL\",\"@id\":\"https:\/\/drganiabudowli.pk.edu.pl\/#\/schema\/logo\/image\/\",\"url\":\"https:\/\/drganiabudowli.pk.edu.pl\/wp-content\/uploads\/2025\/09\/Logo_lab_3.png\",\"contentUrl\":\"https:\/\/drganiabudowli.pk.edu.pl\/wp-content\/uploads\/2025\/09\/Logo_lab_3.png\",\"width\":220,\"height\":219,\"caption\":\"Drgania budowli - Laboratorium Drga\u0144 Budowli\"},\"image\":{\"@id\":\"https:\/\/drganiabudowli.pk.edu.pl\/#\/schema\/logo\/image\/\"}}]}<\/script>\n<!-- \/ Yoast SEO plugin. -->","yoast_head_json":{"title":"Kontakt - Drgania budowli - Laboratorium Drga\u0144 Budowli","robots":{"index":"index","follow":"follow","max-snippet":"max-snippet:-1","max-image-preview":"max-image-preview:large","max-video-preview":"max-video-preview:-1"},"canonical":"https:\/\/drganiabudowli.pk.edu.pl\/?page_id=9","og_locale":"pl_PL","og_type":"article","og_title":"Kontakt - Drgania budowli - Laboratorium Drga\u0144 Budowli","og_description":"dr in\u017c. Piotr Stecz Kierownik Laboratorium Badania Odkszta\u0142ce\u0144 i Drga\u0144 Budowli tel. kom\u00f3rkowy 604 981 889 mail: piotr.stecz@pk.edu.pl mgr in\u017c. Jaros\u0142aw Che\u0142mecki Zast\u0119pca kierownika Laboratorium Badania Odkszta\u0142ce\u0144 i Drga\u0144 Budowli mail: jaroslaw.chelmecki@pk.edu.pl Vaseem Aldabbik Specjalista mail: waseem.aldabbik@pk.edu.pl Pawe\u0142 Jurkiewicz Starszy technik mail: pawel.jurkiewicz@pk.edu.pl mgr Katarzyna Galas Starszy specjalista mail: katarzyna.galas@pk.edu.pl","og_url":"https:\/\/drganiabudowli.pk.edu.pl\/?page_id=9","og_site_name":"Drgania budowli - Laboratorium Drga\u0144 Budowli","article_modified_time":"2025-09-15T08:47:37+00:00","twitter_card":"summary_large_image","twitter_misc":{"Szacowany czas czytania":"1 minuta"},"schema":{"@context":"https:\/\/schema.org","@graph":[{"@type":"WebPage","@id":"https:\/\/drganiabudowli.pk.edu.pl\/?page_id=9","url":"https:\/\/drganiabudowli.pk.edu.pl\/?page_id=9","name":"Kontakt - Drgania budowli - Laboratorium Drga\u0144 Budowli","isPartOf":{"@id":"https:\/\/drganiabudowli.pk.edu.pl\/#website"},"datePublished":"2017-11-20T15:38:54+00:00","dateModified":"2025-09-15T08:47:37+00:00","breadcrumb":{"@id":"https:\/\/drganiabudowli.pk.edu.pl\/?page_id=9#breadcrumb"},"inLanguage":"pl-PL","potentialAction":[{"@type":"ReadAction","target":["https:\/\/drganiabudowli.pk.edu.pl\/?page_id=9"]}]},{"@type":"BreadcrumbList","@id":"https:\/\/drganiabudowli.pk.edu.pl\/?page_id=9#breadcrumb","itemListElement":[{"@type":"ListItem","position":1,"name":"Strona g\u0142\u00f3wna","item":"https:\/\/drganiabudowli.pk.edu.pl\/"},{"@type":"ListItem","position":2,"name":"Kontakt"}]},{"@type":"WebSite","@id":"https:\/\/drganiabudowli.pk.edu.pl\/#website","url":"https:\/\/drganiabudowli.pk.edu.pl\/","name":"Drgania budowli - Laboratorium Drga\u0144 Budowli","description":"Drgania budowli - Laboratorium Drga\u0144 Budowli","publisher":{"@id":"https:\/\/drganiabudowli.pk.edu.pl\/#organization"},"potentialAction":[{"@type":"SearchAction","target":{"@type":"EntryPoint","urlTemplate":"https:\/\/drganiabudowli.pk.edu.pl\/?s={search_term_string}"},"query-input":{"@type":"PropertyValueSpecification","valueRequired":true,"valueName":"search_term_string"}}],"inLanguage":"pl-PL"},{"@type":"Organization","@id":"https:\/\/drganiabudowli.pk.edu.pl\/#organization","name":"Drgania budowli - Laboratorium Drga\u0144 Budowli","url":"https:\/\/drganiabudowli.pk.edu.pl\/","logo":{"@type":"ImageObject","inLanguage":"pl-PL","@id":"https:\/\/drganiabudowli.pk.edu.pl\/#\/schema\/logo\/image\/","url":"https:\/\/drganiabudowli.pk.edu.pl\/wp-content\/uploads\/2025\/09\/Logo_lab_3.png","contentUrl":"https:\/\/drganiabudowli.pk.edu.pl\/wp-content\/uploads\/2025\/09\/Logo_lab_3.png","width":220,"height":219,"caption":"Drgania budowli - Laboratorium Drga\u0144 Budowli"},"image":{"@id":"https:\/\/drganiabudowli.pk.edu.pl\/#\/schema\/logo\/image\/"}}]}},"jetpack_shortlink":"https:\/\/wp.me\/P9oL58-9","jetpack_sharing_enabled":true,"_links":{"self":[{"href":"https:\/\/drganiabudowli.pk.edu.pl\/index.php?rest_route=\/wp\/v2\/pages\/9","targetHints":{"allow":["GET"]}}],"collection":[{"href":"https:\/\/drganiabudowli.pk.edu.pl\/index.php?rest_route=\/wp\/v2\/pages"}],"about":[{"href":"https:\/\/drganiabudowli.pk.edu.pl\/index.php?rest_route=\/wp\/v2\/types\/page"}],"author":[{"embeddable":true,"href":"https:\/\/drganiabudowli.pk.edu.pl\/index.php?rest_route=\/wp\/v2\/users\/1"}],"replies":[{"embeddable":true,"href":"https:\/\/drganiabudowli.pk.edu.pl\/index.php?rest_route=%2Fwp%2Fv2%2Fcomments&post=9"}],"version-history":[{"count":111,"href":"https:\/\/drganiabudowli.pk.edu.pl\/index.php?rest_route=\/wp\/v2\/pages\/9\/revisions"}],"predecessor-version":[{"id":1434,"href":"https:\/\/drganiabudowli.pk.edu.pl\/index.php?rest_route=\/wp\/v2\/pages\/9\/revisions\/1434"}],"wp:attachment":[{"href":"https:\/\/drganiabudowli.pk.edu.pl\/index.php?rest_route=%2Fwp%2Fv2%2Fmedia&parent=9"}],"curies":[{"name":"wp","href":"https:\/\/api.w.org\/{rel}","templated":true}]}}